{"id":52,"date":"2025-09-25T14:19:49","date_gmt":"2025-09-25T14:19:49","guid":{"rendered":"https:\/\/www.souscrire-internet.fr\/?page_id=52"},"modified":"2025-09-25T14:19:49","modified_gmt":"2025-09-25T14:19:49","slug":"52-2","status":"publish","type":"page","link":"https:\/\/www.souscrire-internet.fr\/?page_id=52","title":{"rendered":""},"content":{"rendered":"\n<p class=\"has-text-align-center has-text-color has-link-color has-medium-font-size wp-elements-37c815badaa88c1e99d2329b235a67c7\" style=\"color:#298336\"><strong>Souscription de votre abonnement Internet en quelques minutes en quelques minutes.<\/strong><\/p>\n\n\n\n<div class=\"wp-block-buttons is-content-justification-center is-layout-flex wp-container-core-buttons-is-layout-a89b3969 wp-block-buttons-is-layout-flex\">\n<div class=\"wp-block-button\"><a class=\"wp-block-button__link has-white-color has-text-color has-link-color has-text-align-center wp-element-button\" href=\"tel:0970718427\"><strong><strong><u>09 70 71 84 27<\/u><\/strong><\/strong><\/a><\/div>\n<\/div>\n\n\n\n<p class=\"has-text-align-center\"><strong>du lundi au vendredi de 9h \u00e0 19h<\/strong><br><strong>(appel non surtax\u00e9).<\/strong><\/p>\n\n\n\n<figure class=\"wp-block-image aligncenter size-full\"><img loading=\"lazy\" decoding=\"async\" width=\"400\" height=\"88\" src=\"https:\/\/www.souscrire-internet.fr\/wp-content\/uploads\/2025\/09\/logo-operateurs-internet.gif\" alt=\"\" class=\"wp-image-41\"\/><\/figure>\n\n\n\n<p class=\"has-text-align-center\">Si vous emm\u00e9nagez prochainement ou si vous \u00eates \u00e0 la recherche d\u2019un fournisseur d&rsquo;acc\u00e8s \u00e0 Internet <strong>plus avantageux<\/strong> (par exemple <strong>ORANGE, SFR<\/strong> <strong>TELECOM<\/strong>), nous vous accompagnons pas \u00e0 pas et faisons pour vous la souscription de votre nouvel abonnement Internet.<\/p>\n\n\n\n<p class=\"has-text-align-center\">Souscrire un abonnement Internet <strong><strong>ORANGE, SFR<\/strong> <strong>TELECOM<\/strong><\/strong> n\u2019a jamais \u00e9t\u00e9 aussi <strong>simple<\/strong>.<br>En <strong>quelques minutes<\/strong> seulement, vous comparez les offres et trouvez celle qui correspond \u00e0 vos besoins avec un conseiller <strong>expert au t\u00e9l\u00e9phone..<\/strong><br>Notre objectif : vous faire gagner du temps et r\u00e9duire vos factures.<\/p>\n\n\n\n<div class=\"wp-block-buttons is-content-justification-center is-layout-flex wp-container-core-buttons-is-layout-a89b3969 wp-block-buttons-is-layout-flex\">\n<div class=\"wp-block-button\"><a class=\"wp-block-button__link has-white-color has-text-color has-link-color has-text-align-center wp-element-button\" href=\"tel:0970718427\"><strong><strong><u>09 70 71 84 27<\/u><\/strong><\/strong><\/a><\/div>\n<\/div>\n\n\n\n<p class=\"has-text-align-center\"><strong>du lundi au vendredi de 9h \u00e0 19h<\/strong><br><strong>(appel non surtax\u00e9).<\/strong><\/p>\n\n\n\n<figure class=\"wp-block-image aligncenter size-full is-resized\"><img loading=\"lazy\" decoding=\"async\" width=\"500\" height=\"184\" src=\"https:\/\/www.souscrire-internet.fr\/wp-content\/uploads\/2025\/09\/services-energie.jpg\" alt=\"\" class=\"wp-image-45\" style=\"width:328px;height:auto\" srcset=\"https:\/\/www.souscrire-internet.fr\/wp-content\/uploads\/2025\/09\/services-energie.jpg 500w, https:\/\/www.souscrire-internet.fr\/wp-content\/uploads\/2025\/09\/services-energie-300x110.jpg 300w\" sizes=\"auto, (max-width: 500px) 100vw, 500px\" \/><\/figure>\n\n\n\n<p class=\"has-text-align-center\"><\/p>\n\n\n\n<p><\/p>\n\n\n\n<figure class=\"wp-block-image aligncenter size-full is-resized\"><img loading=\"lazy\" decoding=\"async\" width=\"500\" height=\"574\" src=\"https:\/\/www.souscrire-internet.fr\/wp-content\/uploads\/2025\/09\/teleconseillere-souscrire-energie.jpg\" alt=\"\" class=\"wp-image-40\" style=\"width:223px;height:auto\" srcset=\"https:\/\/www.souscrire-internet.fr\/wp-content\/uploads\/2025\/09\/teleconseillere-souscrire-energie.jpg 500w, https:\/\/www.souscrire-internet.fr\/wp-content\/uploads\/2025\/09\/teleconseillere-souscrire-energie-261x300.jpg 261w\" sizes=\"auto, (max-width: 500px) 100vw, 500px\" \/><\/figure>\n\n\n\n<p class=\"has-text-align-center has-text-color has-link-color has-medium-font-size wp-elements-8741743ea74d765a7b198fa5ff83aae9\" style=\"color:#298336\"><strong>Activer ou changer votre abonnement Internet par t\u00e9l\u00e9phone :<\/strong><\/p>\n\n\n\n<p class=\"has-text-align-center\">Vous venez d\u2019emm\u00e9nager dans un nouveau logement ou vous souhaitez simplement changer de fournisseur d&rsquo;acc\u00e8s Internet?<br>Vous \u00eates au bon endroit.<br>Souscrire un abonnement Internet ou comparer les offres disponibles peut para\u00eetre compliqu\u00e9, mais en r\u00e9alit\u00e9, les d\u00e9marches sont <strong>simples<\/strong>, <strong>rapides <\/strong>et <strong>sans frais<\/strong> lorsqu\u2019elles sont r\u00e9alis\u00e9es par t\u00e9l\u00e9phone.<\/p>\n\n\n\n<p class=\"has-text-align-center has-text-color has-link-color has-medium-font-size wp-elements-48647d6d99d3615fa17ed9a1b4ea29c4\" style=\"color:#298336\"><strong>Pourquoi souscrire un nouvel abonnement Internet?<\/strong><\/p>\n\n\n\n<p class=\"has-text-align-center has-medium-font-size\"><em><strong>L&rsquo;acc\u00e8s \u00e0 Internet dans un nouveau logement n&rsquo;est jamais activ\u00e9 automatiquement.<\/strong><\/em><\/p>\n\n\n\n<p>Lorsque vous emm\u00e9nagez dans un nouveau logement, vous devez mettre un abonnement Internet \u00e0 votre nom et obtenir votre propre Box. L&rsquo;occupant pr\u00e9c\u00e9dent aura r\u00e9sili\u00e9 son contrat et vous n&rsquo;aurez pas de Box \u00e0 disposition.<\/p>\n\n\n\n<h3 class=\"wp-block-heading has-text-align-center has-medium-font-size\"><strong><em>Une \u00e9tape incontournable avec sans frais<\/em><\/strong> d&rsquo;activation.<\/h3>\n\n\n\n<p class=\"has-text-align-center\">La mise en place d\u2019un contrat d&rsquo;acc\u00e8s \u00e0 Internet est une d\u00e9marche gratuite ou avec des frais d&rsquo;activation en fonction des op\u00e9rateurs. Pensez \u00e0 bien \u00e0 demandez cela au conseiller.<\/p>\n\n\n\n<h3 class=\"wp-block-heading has-text-align-center has-medium-font-size\"><strong><em>Gagner du temps avec la souscription par t\u00e9l\u00e9phone<\/em><\/strong><\/h3>\n\n\n\n<p class=\"has-text-align-center\">Souscrire par t\u00e9l\u00e9phone permet de <strong>gagner en rapidit\u00e9 et en simplicit\u00e9<\/strong> : vous \u00eates accompagn\u00e9 par un conseiller qui s\u2019occupe de tout, sans formulaire compliqu\u00e9 \u00e0 remplir. Le conseiller s&rsquo;occupe presque de tout pour vous.<\/p>\n\n\n\n<p class=\"has-text-align-center\"><\/p>\n\n\n\n<div class=\"wp-block-buttons is-content-justification-center is-layout-flex wp-container-core-buttons-is-layout-a89b3969 wp-block-buttons-is-layout-flex\">\n<div class=\"wp-block-button\"><a class=\"wp-block-button__link has-white-color has-text-color has-link-color has-text-align-center wp-element-button\" href=\"tel:0970718427\"><strong><strong><u>09 70 71 84 27<\/u><\/strong><\/strong><\/a><\/div>\n<\/div>\n\n\n\n<p class=\"has-text-align-center\"><strong>du lundi au vendredi de 9h \u00e0 19h<\/strong><br><strong>(appel non surtax\u00e9).<\/strong><\/p>\n\n\n\n<figure class=\"wp-block-image aligncenter size-full\"><img loading=\"lazy\" decoding=\"async\" width=\"400\" height=\"88\" src=\"https:\/\/www.souscrire-internet.fr\/wp-content\/uploads\/2025\/09\/logo-operateurs-internet.gif\" alt=\"\" class=\"wp-image-41\"\/><\/figure>\n\n\n\n<p class=\"has-text-align-center has-text-color has-link-color has-medium-font-size wp-elements-c75d821a8d0334929a1e7673cefa6853\" style=\"color:#298336\"><strong>Changer d<\/strong>&lsquo;<strong>abonnement Internet <\/strong><strong>: pourquoi et quand le faire ?<\/strong><\/p>\n\n\n\n<p class=\"has-text-align-center has-medium-font-size\"><em><strong>Profiter d\u2019un meilleur tarif<\/strong><\/em><\/p>\n\n\n\n<p class=\"has-text-align-center\">Les offres d&rsquo;acc\u00e8s \u00e7 Internet \u00e9voluent r\u00e9guli\u00e8rement. Changer de contrat vous permet de profiter d\u2019un prix plus attractif, d\u2019un abonnement adapt\u00e9 \u00e0 vos usages, ou encore de b\u00e9n\u00e9ficier de service de streaming par exemple.<\/p>\n\n\n\n<h3 class=\"wp-block-heading has-text-align-center has-medium-font-size\"><em><strong>Engagement et frais de r\u00e9siliation<\/strong><\/em><\/h3>\n\n\n\n<p class=\"has-text-align-center\">En fonction des offres, il peut y avoir un engagement pour 12 mois (et c&rsquo;est souvent le cas). La r\u00e9siliation est souvent payante mais g\u00e9n\u00e9ralement, votre nouvel op\u00e9rateur pourra vous les rembourser dans la limite d&rsquo;un certain montant.<\/p>\n\n\n\n<p class=\"has-text-align-center has-text-color has-link-color has-medium-font-size wp-elements-09db570f03a731de33c8e77852b72166\" style=\"color:#298336\"><strong>Les avantages de la souscription par t\u00e9l\u00e9phone<\/strong><\/p>\n\n\n\n<p class=\"has-text-align-center has-medium-font-size\"><strong><em>Avantage 1 : Rapidit\u00e9<\/em><\/strong><\/p>\n\n\n\n<p class=\"has-text-align-center\">En quelques minutes seulement, votre contrat est finalis\u00e9.<\/p>\n\n\n\n<h3 class=\"wp-block-heading has-text-align-center has-medium-font-size\"><em>Avantage 2 : Accompagnement personnalis\u00e9<\/em><\/h3>\n\n\n\n<p class=\"has-text-align-center\">Un conseiller vous guide pas \u00e0 pas, r\u00e9pond \u00e0 vos questions et v\u00e9rifie que l\u2019offre choisie correspond bien \u00e0 vos besoins.<\/p>\n\n\n\n<h3 class=\"wp-block-heading has-text-align-center has-medium-font-size\"><strong><em>Avantage 3 : Pas de frais<\/em><\/strong><\/h3>\n\n\n\n<p class=\"has-text-align-center\">La souscription par t\u00e9l\u00e9phone est gratuite. Le prix de votre abonnement sera identique \u00e0 celui publi\u00e9 par l&rsquo;op\u00e9rateur.<\/p>\n\n\n\n<h3 class=\"wp-block-heading has-text-align-center\"><\/h3>\n\n\n\n<p class=\"has-text-align-center has-text-color has-link-color has-medium-font-size wp-elements-5c2da3be09410f138e772b46501e1c2b\" style=\"color:#298336\"><strong>Quelles informations pr\u00e9parer avant d\u2019appeler ?<\/strong><\/p>\n\n\n\n<p class=\"has-text-align-center\">Pour faciliter la souscription par t\u00e9l\u00e9phone, nous vous recommandons de pr\u00e9parer les \u00e9l\u00e9ments suivants : l\u2019<strong>adresse compl\u00e8te du logement (et \u00e9tage si n\u00e9cessaire)<\/strong> et un <strong>RIB <\/strong>si vous souhaitez opter pour le pr\u00e9l\u00e8vement automatique,.<\/p>\n\n\n\n<p class=\"has-text-align-center has-text-color has-link-color has-medium-font-size wp-elements-ff2b9649ae62259b1d3b1cf3d7ae72f5\" style=\"color:#298336\"><strong>Comment se d\u00e9roule l\u2019activation du nouvel abonnement Internet ?<\/strong><\/p>\n\n\n\n<p class=\"has-text-align-center\">Vous appelez notre conseiller d\u00e9di\u00e9 \u00e0 la souscription.<br>Vous comparez rapidement les offres disponibles  dans votre logement.<br>Vous choisissez l&rsquo;abonnement le plus adapt\u00e9.<br>Votre souscription est valid\u00e9e imm\u00e9diatement.<br>Au bout de quelques jours, vous recevrez votre nouvel Box chez vous, la brancherez et si la fibre \u00e9tait d\u00e9j\u00e0 pr\u00e9sente chez vous, l&rsquo;acc\u00e8s \u00e0 Internet devrait \u00eatre imm\u00e9diat. Si la fibre n&rsquo;est pas encore chez (mais disponible dans votre rue), un technicien passera chez vous pour l&rsquo;installer (il faudra convenir d&rsquo;un RDV avec votre nouvel op\u00e9rateur).<\/p>\n\n\n\n<div class=\"wp-block-buttons is-content-justification-center is-layout-flex wp-container-core-buttons-is-layout-a89b3969 wp-block-buttons-is-layout-flex\">\n<div class=\"wp-block-button\"><a class=\"wp-block-button__link has-white-color has-text-color has-link-color has-text-align-center wp-element-button\" href=\"tel:0970718427\"><strong><strong><u>09 70 71 84 27<\/u><\/strong><\/strong><\/a><\/div>\n<\/div>\n\n\n\n<p class=\"has-text-align-center\"><strong>du lundi au vendredi de 9h \u00e0 19h<\/strong><br><strong>(appel non surtax\u00e9).<\/strong><\/p>\n\n\n\n<p class=\"has-text-align-center has-text-color has-link-color has-medium-font-size wp-elements-c36521ba0a666f93028a29b180e1e9f7\" style=\"color:#298336\"><strong>Quels sont les d\u00e9lais pour recevoir ma nouvelle box Internet ?<\/strong><\/p>\n\n\n\n<p class=\"has-text-align-center\">D\u00e9lai moyen de r\u00e9ception de la box :<strong> sous 3 \u00e0 5 jours ouvr\u00e9s<\/strong><br>Acc\u00e8s \u00e0 Internet : d\u00e8s le branchement de la nouvelle Box Internet.<br><\/p>\n\n\n\n<p class=\"has-text-align-center has-text-color has-link-color has-medium-font-size wp-elements-01e20f98b053c5d929bbde3daee1bd43\" style=\"color:#298336\"><strong>Quel op\u00e9rateur choisir ?<\/strong><\/p>\n\n\n\n<p class=\"has-text-align-center\"><strong>Vous devez \u00eatre attentif aux points suivants : <\/strong><br>&#8211; v\u00e9rifier si la fibre est \u00e9ligible \u00e0 votre adresse<br>&#8211; choisissez un contrat qui correspond \u00e0 vos usages (c\u00e9libataire, famille nombreuse, streaming&#8230;)<br>&#8211; comparer les prix.<\/p>\n\n\n\n<div class=\"wp-block-buttons is-content-justification-center is-layout-flex wp-container-core-buttons-is-layout-a89b3969 wp-block-buttons-is-layout-flex\">\n<div class=\"wp-block-button\"><a class=\"wp-block-button__link has-white-color has-text-color has-link-color has-text-align-center wp-element-button\" href=\"tel:0970718427\"><strong><strong><u>09 70 71 84 27<\/u><\/strong><\/strong><\/a><\/div>\n<\/div>\n\n\n\n<p class=\"has-text-align-center\"><strong>du lundi au vendredi de 9h \u00e0 19h<\/strong><br><strong>(appel non surtax\u00e9).<\/strong><\/p>\n\n\n\n<p><\/p>\n","protected":false},"excerpt":{"rendered":"<p>Souscription de votre abonnement Internet en quelques minutes en quelques minutes. du lundi au vendredi de 9h \u00e0 19h(appel non surtax\u00e9). Si vous emm\u00e9nagez prochainement ou si vous \u00eates \u00e0 la recherche d\u2019un fournisseur d&rsquo;acc\u00e8s \u00e0 Internet plus avantageux (par exemple ORANGE, SFR TELECOM), nous vous accompagnons pas \u00e0 pas et faisons pour vous la [&hellip;]<\/p>\n","protected":false},"author":1,"featured_media":0,"parent":0,"menu_order":0,"comment_status":"closed","ping_status":"closed","template":"","meta":{"footnotes":""},"class_list":["post-52","page","type-page","status-publish","hentry"],"_links":{"self":[{"href":"https:\/\/www.souscrire-internet.fr\/index.php?rest_route=\/wp\/v2\/pages\/52","targetHints":{"allow":["GET"]}}],"collection":[{"href":"https:\/\/www.souscrire-internet.fr\/index.php?rest_route=\/wp\/v2\/pages"}],"about":[{"href":"https:\/\/www.souscrire-internet.fr\/index.php?rest_route=\/wp\/v2\/types\/page"}],"author":[{"embeddable":true,"href":"https:\/\/www.souscrire-internet.fr\/index.php?rest_route=\/wp\/v2\/users\/1"}],"replies":[{"embeddable":true,"href":"https:\/\/www.souscrire-internet.fr\/index.php?rest_route=%2Fwp%2Fv2%2Fcomments&post=52"}],"version-history":[{"count":1,"href":"https:\/\/www.souscrire-internet.fr\/index.php?rest_route=\/wp\/v2\/pages\/52\/revisions"}],"predecessor-version":[{"id":53,"href":"https:\/\/www.souscrire-internet.fr\/index.php?rest_route=\/wp\/v2\/pages\/52\/revisions\/53"}],"wp:attachment":[{"href":"https:\/\/www.souscrire-internet.fr\/index.php?rest_route=%2Fwp%2Fv2%2Fmedia&parent=52"}],"curies":[{"name":"wp","href":"https:\/\/api.w.org\/{rel}","templated":true}]}}